{"id":1252,"date":"2018-06-17T16:05:44","date_gmt":"2018-06-17T16:05:44","guid":{"rendered":"https:\/\/energiekompass.zhaw.ch\/?page_id=1252"},"modified":"2018-10-16T23:39:17","modified_gmt":"2018-10-16T23:39:17","slug":"4_6_rechtsmittel","status":"publish","type":"page","link":"https:\/\/energiekompass.zhaw.ch\/index.php\/4_6_rechtsmittel\/","title":{"rendered":"4.6 Rechtsmittel"},"content":{"rendered":"<p>Nachtr\u00e4gliche \u00dcberpr\u00fcfung der Rechtm\u00e4ssigkeit<br \/>\n<a onclick=\"goTo('')\">Ende<\/a><\/p>\n[wonderplugin_tabs id=&#8220;30&#8243;]\n<p>\t<iframe id=\"IframeId\" src=\"https:\/\/energiekompass.zhaw.ch\/index.php\/fusszeilenbereich\/\" onload=\"setIframeHeight(this)\" scrolling=\"no\" frameborder=\"0\"><\/iframe><\/p>\n","protected":false},"excerpt":{"rendered":"<p>Nachtr\u00e4gliche \u00dcberpr\u00fcfung der Rechtm\u00e4ssigkeit Ende [wonderplugin_tabs id=&#8220;30&#8243;]<\/p>\n","protected":false},"author":1,"featured_media":0,"parent":0,"menu_order":0,"comment_status":"closed","ping_status":"closed","template":"","meta":[],"wf_page_folders":[42,37],"_links":{"self":[{"href":"https:\/\/energiekompass.zhaw.ch\/index.php\/wp-json\/wp\/v2\/pages\/1252"}],"collection":[{"href":"https:\/\/energiekompass.zhaw.ch\/index.php\/wp-json\/wp\/v2\/pages"}],"about":[{"href":"https:\/\/energiekompass.zhaw.ch\/index.php\/wp-json\/wp\/v2\/types\/page"}],"author":[{"embeddable":true,"href":"https:\/\/energiekompass.zhaw.ch\/index.php\/wp-json\/wp\/v2\/users\/1"}],"replies":[{"embeddable":true,"href":"https:\/\/energiekompass.zhaw.ch\/index.php\/wp-json\/wp\/v2\/comments?post=1252"}],"version-history":[{"count":6,"href":"https:\/\/energiekompass.zhaw.ch\/index.php\/wp-json\/wp\/v2\/pages\/1252\/revisions"}],"predecessor-version":[{"id":2309,"href":"https:\/\/energiekompass.zhaw.ch\/index.php\/wp-json\/wp\/v2\/pages\/1252\/revisions\/2309"}],"wp:attachment":[{"href":"https:\/\/energiekompass.zhaw.ch\/index.php\/wp-json\/wp\/v2\/media?parent=1252"}],"wp:term":[{"taxonomy":"wf_page_folders","embeddable":true,"href":"https:\/\/energiekompass.zhaw.ch\/index.php\/wp-json\/wp\/v2\/wf_page_folders?post=1252"}],"curies":[{"name":"wp","href":"https:\/\/api.w.org\/{rel}","templated":true}]}}