{"id":183,"date":"2018-05-27T06:49:35","date_gmt":"2018-05-27T06:49:35","guid":{"rendered":"https:\/\/energiekompass.zhaw.ch\/?page_id=183"},"modified":"2018-06-16T12:31:14","modified_gmt":"2018-06-16T12:31:14","slug":"fusszeilenbereich","status":"publish","type":"page","link":"https:\/\/energiekompass.zhaw.ch\/index.php\/fusszeilenbereich\/","title":{"rendered":"Fusszeilenbereich"},"content":{"rendered":"<div class=\"footerLinks\">\n<ul class=\"footerBox\">\n<li id=\"hide-show-1\" class=\"footerText\">\u00dcber uns<\/li>\n<li class=\"footerTextDivider\"><span class=\"glyphicon glyphicon-minus\" \/><\/li>\n<li id=\"hide-show-2\" class=\"footerText\">Kontakt<\/li>\n<li class=\"footerTextDivider\"><span class=\"glyphicon glyphicon-minus\" \/><\/li>\n<li id=\"hide-show-3\" class=\"footerText2\">Standort<\/li>\n<\/ul>\n<\/div>\n<div style=\"height: 475px; background-color: white;\">\n<div id=\"footerTextBox\">\n<div id=\"obj-1\" class=\"contentFooter\" style=\"padding: 25px 25px 25px 25px;\"><div data-post-id=\"135\" class=\"insert-page insert-page-135 \"><div class=\"fl-builder-content fl-builder-content-135\" data-post-id=\"135\"><div class=\"fl-row fl-row-fixed-width fl-row-bg-color fl-node-5b24fc422506b\" data-node=\"5b24fc422506b\">\n\t<div class=\"fl-row-content-wrap\">\n\t\t\t\t\t\t<div class=\"fl-row-content fl-row-fixed-width fl-node-content\">\n\t\t\n<div class=\"fl-col-group fl-node-5b24fc4225b15\" data-node=\"5b24fc4225b15\">\n\t\t\t<div class=\"fl-col fl-node-5b24fc4225d4f fl-col-small\" data-node=\"5b24fc4225d4f\">\n\t<div class=\"fl-col-content fl-node-content\"><div class=\"fl-module fl-module-rich-text fl-node-5b24fc4227479\" data-node=\"5b24fc4227479\">\n\t<div class=\"fl-module-content fl-node-content\">\n\t\t<div class=\"fl-rich-text\">\n\t<h2>\u00dcber uns<\/h2>\n<p>Das Zentrum f\u00fcr \u00f6ffentliches Wirtschaftsrecht (ZOW) befasst sich in Lehre und Forschung haupts\u00e4chlich mit den Rechtsbereichen \u00f6ffentliches Verfahrens- und Prozessrecht, Energierecht, Raumplanungs-, Bau- und Umweltrecht, Public Corporate Governance, Auslagerungen und Privatisierungen, Public PrivatePartnership sowie dem Beschaffungsrecht.<\/p>\n<p><em>Das ZOW ist beteiligt an <\/em><strong><a href=\"https:\/\/www.sccer-crest.ch\/\" target=\"_blank\" rel=\"noopener\"><span style=\"color: #000000;\">SCCER-CREST<\/span><\/a><\/strong><em>, einem von acht Schweizer Kompetenzzentren f\u00fcr Energieforschung von<span style=\"color: #000000;\"><strong> <a style=\"color: #000000;\" href=\"https:\/\/www.innosuisse.ch\/inno\/de\/home\/thematische-programme\/foerderprogramm-energie.html\" target=\"_blank\" rel=\"noopener\">Innosuisse<\/a><\/strong>.<\/span><\/em><\/p>\n<p>Im Rahmen des <a href=\"https:\/\/www.zhaw.ch\/de\/forschung\/forschungsschwerpunkte\/forschungsschwerpunkt-energie\/\" style=\"font-weight:bold; cursor:pointer; color:black;\" target=\"_blank\">Forschungsschwerpunkts Energie<\/a> arbeiten an der ZHAW Forschende aus \u00fcber 30 Instituten an vernetzten und anwendungsorientierten L\u00f6sungen f\u00fcr eine nachhaltige Energiewende.<\/p>\n<p>Die Konzeption und Umsetzung dieser Webseite erfolgte durch Studenten des Studiengangs Wirtschaftsinformatik im Rahmen eines Praxisprojekts und wurde begleitet durch das <a href=\"https:\/\/www.zhaw.ch\/de\/sml\/institute-zentren\/iwi\/\" style=\"font-weight:bold; cursor:pointer; color:black;\" target=\"_blank\">Institut f\u00fcr Wirtschaftsinformatik<\/a>.<\/p>\n<\/div>\n\t<\/div>\n<\/div>\n<\/div>\n<\/div>\n\t\t\t<div class=\"fl-col fl-node-5b262a41ef2f5 fl-col-small\" data-node=\"5b262a41ef2f5\">\n\t<div class=\"fl-col-content fl-node-content\"><div class=\"fl-module fl-module-rich-text fl-node-5b262a41ef3e7\" data-node=\"5b262a41ef3e7\">\n\t<div class=\"fl-module-content fl-node-content\">\n\t\t<div class=\"fl-rich-text\">\n\t<p>&nbsp;<\/p>\n<p>&nbsp;<\/p>\n<p>&nbsp;<\/p>\n<p>&nbsp;<\/p>\n<p>&nbsp;<\/p>\n<p>&nbsp;<\/p>\n<p>&nbsp;<\/p>\n<p>&nbsp;<\/p>\n<\/div>\n\t<\/div>\n<\/div>\n<\/div>\n<\/div>\n\t<\/div>\n\t\t<\/div>\n\t<\/div>\n<\/div>\n<\/div><\/div><\/div>\n<div id=\"obj-2\" class=\"contentFooter\" style=\"display: none; padding: 25px 25px 25px 25px;\"><div data-post-id=\"124\" class=\"insert-page insert-page-124 \"><div class=\"fl-builder-content fl-builder-content-124\" data-post-id=\"124\"><div class=\"fl-row fl-row-fixed-width fl-row-bg-color fl-node-5b24fbc74d2ab\" data-node=\"5b24fbc74d2ab\">\n\t<div class=\"fl-row-content-wrap\">\n\t\t\t\t\t\t<div class=\"fl-row-content fl-row-fixed-width fl-node-content\">\n\t\t\n<div class=\"fl-col-group fl-node-5b24fbc74dc45\" data-node=\"5b24fbc74dc45\">\n\t\t\t<div class=\"fl-col fl-node-5b24fbc74dde8 fl-col-small\" data-node=\"5b24fbc74dde8\">\n\t<div class=\"fl-col-content fl-node-content\"><div class=\"fl-module fl-module-rich-text fl-node-5b24fbc74f042\" data-node=\"5b24fbc74f042\">\n\t<div class=\"fl-module-content fl-node-content\">\n\t\t<div class=\"fl-rich-text\">\n\t<h2>Kontakt<\/h2>\n<p><strong>Zentrum f\u00fcr \u00f6ffentliches Wirtschaftsrecht (ZOW)<\/strong><br \/>\nZHAW School of Management and Law<br \/>\nGertrudstrasse 15<br \/>\n8400 Winterthur<\/p>\n<\/div>\n\t<\/div>\n<\/div>\n<\/div>\n<\/div>\n\t\t\t<div class=\"fl-col fl-node-5b262c6cba342 fl-col-small\" data-node=\"5b262c6cba342\">\n\t<div class=\"fl-col-content fl-node-content\"><div class=\"fl-module fl-module-rich-text fl-node-5b262c6cba4ae\" data-node=\"5b262c6cba4ae\">\n\t<div class=\"fl-module-content fl-node-content\">\n\t\t<div class=\"fl-rich-text\">\n\t<p>&nbsp;<\/p>\n<p>&nbsp;<\/p>\n<p>&nbsp;<\/p>\n<\/div>\n\t<\/div>\n<\/div>\n<\/div>\n<\/div>\n\t<\/div>\n\t\t<\/div>\n\t<\/div>\n<\/div>\n<\/div><\/div><\/div>\n<\/div>\n<div id=\"obj-3\" class=\"contentFooter\" style=\"display: none;\"><div data-post-id=\"126\" class=\"insert-page insert-page-126 \"><p><iframe loading=\"lazy\" src=\"https:\/\/www.google.com\/maps\/embed?pb=!1m18!1m12!1m3!1d2695.485551269305!2d8.718119415626829!3d47.49993447917777!2m3!1f0!2f0!3f0!3m2!1i1024!2i768!4f13.1!3m3!1m2!1s0x479a9970c78fd651%3A0xf9a7e7e6f730b6ca!2sZHAW+Z%C3%BCrcher+Hochschule+f%C3%BCr+Angewandte+Wissenschaften!5e0!3m2!1sde!2sch!4v1529518557498\" width=\"100%\" height=\"440px\" frameborder=\"0\" allowfullscreen=\"allowfullscreen\">\ufeff<\/iframe><\/p>\n<\/div><\/div>\n<\/div>\n<p><script>jQuery(document).ready(function($){ $('#responsive-menu-pro-container').css(\"display\", \"none\"); $('#hide-show-1').click(function() { $('#footerTextBox').show();$('#obj-1').show(); $('#obj-2').hide(); $('#obj-3').hide(); }); $('#hide-show-2').click(function() { $('#footerTextBox').show();$('#obj-1').hide();$('#obj-2').show();$('#obj-3').hide(); }); $('#hide-show-3').click(function() { $('#footerTextBox').hide();$('#obj-1').hide('slow');$('#obj-2').hide();$('#obj-3').show(); }); });<\/script><\/p>\n","protected":false},"excerpt":{"rendered":"<p>\ufeff<\/p>\n","protected":false},"author":1,"featured_media":0,"parent":0,"menu_order":0,"comment_status":"closed","ping_status":"closed","template":"blank-slate-template.php","meta":[],"wf_page_folders":[4],"_links":{"self":[{"href":"https:\/\/energiekompass.zhaw.ch\/index.php\/wp-json\/wp\/v2\/pages\/183"}],"collection":[{"href":"https:\/\/energiekompass.zhaw.ch\/index.php\/wp-json\/wp\/v2\/pages"}],"about":[{"href":"https:\/\/energiekompass.zhaw.ch\/index.php\/wp-json\/wp\/v2\/types\/page"}],"author":[{"embeddable":true,"href":"https:\/\/energiekompass.zhaw.ch\/index.php\/wp-json\/wp\/v2\/users\/1"}],"replies":[{"embeddable":true,"href":"https:\/\/energiekompass.zhaw.ch\/index.php\/wp-json\/wp\/v2\/comments?post=183"}],"version-history":[{"count":80,"href":"https:\/\/energiekompass.zhaw.ch\/index.php\/wp-json\/wp\/v2\/pages\/183\/revisions"}],"predecessor-version":[{"id":865,"href":"https:\/\/energiekompass.zhaw.ch\/index.php\/wp-json\/wp\/v2\/pages\/183\/revisions\/865"}],"wp:attachment":[{"href":"https:\/\/energiekompass.zhaw.ch\/index.php\/wp-json\/wp\/v2\/media?parent=183"}],"wp:term":[{"taxonomy":"wf_page_folders","embeddable":true,"href":"https:\/\/energiekompass.zhaw.ch\/index.php\/wp-json\/wp\/v2\/wf_page_folders?post=183"}],"curies":[{"name":"wp","href":"https:\/\/api.w.org\/{rel}","templated":true}]}}